{"id":734,"date":"2021-12-20T03:57:44","date_gmt":"2021-12-20T03:57:44","guid":{"rendered":"https:\/\/ftpdemo.com\/uthan\/?page_id=734"},"modified":"2025-12-02T03:11:15","modified_gmt":"2025-12-02T00:11:15","slug":"%d8%a7%d8%aa%d8%b5%d9%84-%d8%a8%d9%86%d8%a7","status":"publish","type":"page","link":"https:\/\/n-alafia.com\/fr\/%d8%a7%d8%aa%d8%b5%d9%84-%d8%a8%d9%86%d8%a7\/","title":{"rendered":"Contact"},"content":{"rendered":"<div data-elementor-type=\"wp-page\" data-elementor-id=\"734\" class=\"elementor elementor-734\">\n\t\t\t\t\t\t<section class=\"elementor-section elementor-top-section elementor-element elementor-element-16cf5b5c elementor-section-boxed elementor-section-height-default elementor-section-height-default\" data-id=\"16cf5b5c\" data-element_type=\"section\">\n\t\t\t\t\t\t<div class=\"elementor-container elementor-column-gap-no\">\n\t\t\t\t\t<div class=\"elementor-column elementor-col-50 elementor-top-column elementor-element elementor-element-70ca8c65\" data-id=\"70ca8c65\" data-element_type=\"column\">\n\t\t\t<div class=\"elementor-widget-wrap elementor-element-populated\">\n\t\t\t\t\t\t<div class=\"elementor-element elementor-element-5559b672 elementor-widget elementor-widget-uthan_contact_info\" data-id=\"5559b672\" data-element_type=\"widget\" data-widget_type=\"uthan_contact_info.default\">\n\t\t\t\t<div class=\"elementor-widget-container\">\n\t\t\t\t\t\n        <section class=\"contact-section p_relative pt_140 pb_150 one\">\n            <div class=\"auto-container\">\n                <div class=\"row align-items-center clearfix\">\n                    <div class=\"col-lg-12 col-md-12 col-sm-12 info-column\">\n                        <div class=\"info-inner p_relative d_block mr_30 b_radius_5 theme_bg pt_65 pr_50 pb_100 pl_70\">\n\t\t\t\t\t\t\t                            <div class=\"shape p_absolute\" style=\"background-image: url(https:\/\/n-alafia.com\/wp-content\/uploads\/2021\/12\/shape-39.png);\">\n\t\t\t\t\t\t\t\t\t\t\t\t\t\t<\/div>\n                            <h2 class=\"p_relative d_block fs_30 lh_40 color_white mb_30\">Adresses de contact<\/h2>\n                            <ul class=\"info-list clearfix\">\n\t\t\t\t\t\t\t\n\t\t\t\t\t\t\t\t\t\t\t\t\t\t\t\n                                <li class=\"p_relative d_block pl_70 mb_25\">\n                                    <div class=\"icon-box p_absolute b_radius_5 bg_white theme_color centred fs_22 lh_50\"><i class=\"fas fa-map-marker-alt\"><\/i><\/div>\n                                    <h3 class=\"fs_22 lh_32 fw_medium color_white mb_5\">Gestion<\/h3>\n                                    <p class=\"fs_15 lh_26 color_white\">Benashour, Tripoli - Libye<\/p>\n                                <\/li>\n\t\t\t\t\t\t\t\t\n\t\t\t\t\t\t\t\t\t\t\t\t\t\t\t\n                                <li class=\"p_relative d_block pl_70 mb_25\">\n                                    <div class=\"icon-box p_absolute b_radius_5 bg_white theme_color centred fs_22 lh_50\"><i class=\"fas fa-envelope\"><\/i><\/div>\n                                    <h3 class=\"fs_22 lh_32 fw_medium color_white mb_5\">Courriel<\/h3>\n                                    <p class=\"fs_15 lh_26 color_white\"><a href=\"#\" class=\"color_white\">info@n-alafia.com<\/a><br \/><a href=\"#\" class=\"color_white\">contact@n-alafia.com<\/a><\/p>\n                                <\/li>\n\t\t\t\t\t\t\t\t\n\t\t\t\t\t\t\t\t\t\t\t\t\t\t\t\n                                <li class=\"p_relative d_block pl_70 mb_25\">\n                                    <div class=\"icon-box p_absolute b_radius_5 bg_white theme_color centred fs_22 lh_50\"><i class=\"fas fa-phone\"><\/i><\/div>\n                                    <h3 class=\"fs_22 lh_32 fw_medium color_white mb_5\">Num\u00e9ros de t\u00e9l\u00e9phone<\/h3>\n                                    <p class=\"fs_15 lh_26 color_white\">\n\n<a href=\"tel:00218\u202d912017172\" class=\"color_white\">00218-912017172<\/a>\n<br>\n<a href=\"tel:00218\u202d934086517\" class=\"color_white\">00218-934086517<\/a>\n<br>\n<a href=\"tel:+905369199702\" class=\"color_white\">0090-5369199702 <\/a>\n<br>\n<a href=\"tel:00201033152051\" class=\"color_white\">0020-1033152051 <\/a>\n<br>\n<a href=\"tel:0033-780432163\" class=\"color_white\">0033-780432163 <\/a>\n<\/p>\n                                <\/li>\n\t\t\t\t\t\t\t\t\n\t\t\t\t\t\t\t\t\t\t\t\t\t\t\t\t\n                            <\/ul>\n                        <\/div>\n                    <\/div>\n                <\/div>\n            <\/div>\n        <\/section>\n            \n\t\t\t\t\t\t<\/div>\n\t\t\t\t<\/div>\n\t\t\t\t\t<\/div>\n\t\t<\/div>\n\t\t\t\t<div class=\"elementor-column elementor-col-50 elementor-top-column elementor-element elementor-element-76f51325\" data-id=\"76f51325\" data-element_type=\"column\">\n\t\t\t<div class=\"elementor-widget-wrap elementor-element-populated\">\n\t\t\t\t\t\t<div class=\"elementor-element elementor-element-73d9c46b elementor-widget elementor-widget-uthan_contact\" data-id=\"73d9c46b\" data-element_type=\"widget\" data-widget_type=\"uthan_contact.default\">\n\t\t\t\t<div class=\"elementor-widget-container\">\n\t\t\t\t\t\n\t\t\t\t\n\t\t\t\t\n\t\t<section class=\"contact-section p_relative pt_140 pb_150 two\">\n            <div class=\"auto-container\">\n                <div class=\"row align-items-center clearfix\">\n                    <div class=\"col-lg-12 col-md-12 col-sm-12 form-column\">\n                        <div class=\"form-inner\">\n                            <h2 class=\"p_relative d_block fs_30 lh_40 mb_30\">Envoyer un message\n <br \/><\/h2>\n\t\t\t\t\t\t\t\n\t\t\t\t\t\t\t\n<div class=\"wpcf7 no-js\" id=\"wpcf7-f633-o1\" lang=\"en-US\" dir=\"ltr\" data-wpcf7-id=\"633\">\n<div class=\"screen-reader-response\"><p role=\"status\" aria-live=\"polite\" aria-atomic=\"true\"><\/p> <ul><\/ul><\/div>\n<form action=\"\/fr\/wp-json\/wp\/v2\/pages\/734#wpcf7-f633-o1\" method=\"post\" class=\"wpcf7-form init\" aria-label=\"Contact form\" novalidate=\"novalidate\" data-status=\"init\" data-trp-original-action=\"\/fr\/wp-json\/wp\/v2\/pages\/734#wpcf7-f633-o1\">\n<fieldset class=\"hidden-fields-container\"><input type=\"hidden\" name=\"_wpcf7\" value=\"633\" \/><input type=\"hidden\" name=\"_wpcf7_version\" value=\"6.1.4\" \/><input type=\"hidden\" name=\"_wpcf7_locale\" value=\"en_US\" \/><input type=\"hidden\" name=\"_wpcf7_unit_tag\" value=\"wpcf7-f633-o1\" \/><input type=\"hidden\" name=\"_wpcf7_container_post\" value=\"0\" \/><input type=\"hidden\" name=\"_wpcf7_posted_data_hash\" value=\"\" \/>\n<\/fieldset>\n<div class=\"default-form\">\n\t<div class=\"row clearfix\">\n\t\t<div class=\"col-lg-6 col-md-6 col-sm-12 form-group mb_30\">\n\t\t\t<p><span class=\"wpcf7-form-control-wrap\" data-name=\"text-413\"><input size=\"40\" maxlength=\"400\" class=\"wpcf7-form-control wpcf7-text wpcf7-validates-as-required\" aria-required=\"true\" aria-invalid=\"false\" placeholder=\"Votre nom\" value=\"\" type=\"text\" name=\"text-413\" \/><\/span>\n\t\t\t<\/p>\n\t\t<\/div>\n\t\t<div class=\"col-lg-6 col-md-6 col-sm-12 form-group mb_30\">\n\t\t\t<p><span class=\"wpcf7-form-control-wrap\" data-name=\"email-650\"><input size=\"40\" maxlength=\"400\" class=\"wpcf7-form-control wpcf7-email wpcf7-validates-as-required wpcf7-text wpcf7-validates-as-email\" aria-required=\"true\" aria-invalid=\"false\" placeholder=\"Adresse \u00e9lectronique\" value=\"\" type=\"email\" name=\"email-650\" \/><\/span>\n\t\t\t<\/p>\n\t\t<\/div>\n\t\t<div class=\"col-lg-6 col-md-12 col-sm-12 form-group mb_30\">\n\t\t\t<p><span class=\"wpcf7-form-control-wrap\" data-name=\"tel-698\"><input size=\"40\" maxlength=\"400\" class=\"wpcf7-form-control wpcf7-tel wpcf7-validates-as-required wpcf7-text wpcf7-validates-as-tel\" aria-required=\"true\" aria-invalid=\"false\" placeholder=\"Num\u00e9ro de t\u00e9l\u00e9phone\" value=\"\" type=\"tel\" name=\"tel-698\" \/><\/span>\n\t\t\t<\/p>\n\t\t<\/div>\n\t\t<div class=\"col-lg-6 col-md-12 col-sm-12 form-group mb_30\">\n\t\t\t<p><span class=\"wpcf7-form-control-wrap\" data-name=\"text-413\"><input size=\"40\" maxlength=\"400\" class=\"wpcf7-form-control wpcf7-text wpcf7-validates-as-required\" aria-required=\"true\" aria-invalid=\"false\" placeholder=\"Sujet\" value=\"\" type=\"text\" name=\"text-413\" \/><\/span>\n\t\t\t<\/p>\n\t\t<\/div>\n\t\t<div class=\"col-lg-12 col-md-12 col-sm-12 form-group mb_30\">\n\t\t\t<p><span class=\"wpcf7-form-control-wrap\" data-name=\"textarea-728\"><textarea cols=\"40\" rows=\"10\" maxlength=\"2000\" class=\"wpcf7-form-control wpcf7-textarea wpcf7-validates-as-required\" aria-required=\"true\" aria-invalid=\"false\" placeholder=\"Votre message\" name=\"textarea-728\"><\/textarea><\/span>\n\t\t\t<\/p>\n\t\t<\/div>\n\t\t<div class=\"col-lg-12 col-md-12 col-sm-12 form-group message-btn mr-0\">\n\t\t\t<p><button class=\"theme-btn btn-one\" type=\"submit\" name=\"submit-form\">Soumettre<\/button>\n\t\t\t<\/p>\n\t\t<\/div>\n\t<\/div>\n<\/div><div class=\"wpcf7-response-output\" aria-hidden=\"true\"><\/div>\n<input type=\"hidden\" name=\"trp-form-language\" value=\"fr\"\/><\/form>\n<\/div>\n\t\t\t\t\t\t\t\n                            \n                        <\/div>\n                    <\/div>\n                <\/div>\n            <\/div>\n        <\/section>\n\t\t\n\t\t            \n\t\t\t\t\t\t<\/div>\n\t\t\t\t<\/div>\n\t\t\t\t\t<\/div>\n\t\t<\/div>\n\t\t\t\t\t<\/div>\n\t\t<\/section>\n\t\t\t\t<section class=\"elementor-section elementor-top-section elementor-element elementor-element-b9e14a8 elementor-section-boxed elementor-section-height-default elementor-section-height-default\" data-id=\"b9e14a8\" data-element_type=\"section\">\n\t\t\t\t\t\t<div class=\"elementor-container elementor-column-gap-no\">\n\t\t\t\t\t<div class=\"elementor-column elementor-col-100 elementor-top-column elementor-element elementor-element-741f0df\" data-id=\"741f0df\" data-element_type=\"column\">\n\t\t\t<div class=\"elementor-widget-wrap elementor-element-populated\">\n\t\t\t\t\t\t<div class=\"elementor-element elementor-element-231ea9d elementor-widget elementor-widget-google_maps\" data-id=\"231ea9d\" data-element_type=\"widget\" data-widget_type=\"google_maps.default\">\n\t\t\t\t\t\t\t<div class=\"elementor-custom-embed\">\n\t\t\t<iframe loading=\"lazy\"\n\t\t\t\t\tsrc=\"https:\/\/maps.google.com\/maps?q=32%C2%B052%2748.1%22N%2013%C2%B011%2754.2%22E&#038;t=m&#038;z=13&#038;output=embed&#038;iwloc=near\"\n\t\t\t\t\ttitle=\"32\u00b052&#039;48.1 &quot;N 13\u00b011&#039;54.2 &quot;E\"\n\t\t\t\t\taria-label=\"32\u00b052&#039;48.1 &quot;N 13\u00b011&#039;54.2 &quot;E\"\n\t\t\t><\/iframe>\n\t\t<\/div>\n\t\t\t\t\t\t<\/div>\n\t\t\t\t\t<\/div>\n\t\t<\/div>\n\t\t\t\t\t<\/div>\n\t\t<\/section>\n\t\t\t\t<\/div>","protected":false},"excerpt":{"rendered":"<p>\u0639\u0646\u0627\u0648\u064a\u0646 \u0627\u0644\u062a\u0648\u0627\u0635\u0644 \u0627\u0644\u0625\u062f\u0627\u0631\u0629 \u0628\u0646\u0639\u0627\u0634\u0648\u0631\u060c \u0637\u0631\u0627\u0628\u0644\u0633 &#8211; \u0644\u064a\u0628\u064a\u0627 \u0627\u0644\u0628\u0631\u064a\u062f \u0627\u0644\u0625\u0644\u0643\u062a\u0631\u0648\u0646\u064a info@n-alafia.comcontact@n-alafia.com \u0623\u0631\u0642\u0627\u0645 \u0627\u0644\u0647\u0627\u062a\u0641 00218-912017172 00218\u202d-934086517 0090-5369199702 0020-1033152051 0033-780432163 \u0623\u0631\u0633\u0644 \u0644\u0646\u0627 \u0631\u0633\u0627\u0644\u0629 Submit Now<\/p>","protected":false},"author":1,"featured_media":0,"parent":0,"menu_order":0,"comment_status":"closed","ping_status":"closed","template":"tpl-default-elementor.php","meta":{"footnotes":""},"class_list":["post-734","page","type-page","status-publish","hentry"],"yoast_head":"<!-- This site is optimized with the Yoast SEO plugin v26.5 - https:\/\/yoast.com\/wordpress\/plugins\/seo\/ -->\n<title>\u0627\u062a\u0635\u0644 \u0628\u0646\u0627 - \u0646\u0633\u0645\u0629 \u0627\u0644\u0639\u0627\u0641\u064a\u0629 \u0627\u0644\u0645\u062a\u0645\u064a\u0632\u0629<\/title>\n<meta name=\"robots\" content=\"noindex, follow, max-snippet:-1, max-image-preview:large, max-video-preview:-1\" \/>\n<meta property=\"og:locale\" content=\"fr_FR\" \/>\n<meta property=\"og:type\" content=\"article\" \/>\n<meta property=\"og:title\" content=\"\u0627\u062a\u0635\u0644 \u0628\u0646\u0627 - \u0646\u0633\u0645\u0629 \u0627\u0644\u0639\u0627\u0641\u064a\u0629 \u0627\u0644\u0645\u062a\u0645\u064a\u0632\u0629\" \/>\n<meta property=\"og:description\" content=\"\u0639\u0646\u0627\u0648\u064a\u0646 \u0627\u0644\u062a\u0648\u0627\u0635\u0644 \u0627\u0644\u0625\u062f\u0627\u0631\u0629 \u0628\u0646\u0639\u0627\u0634\u0648\u0631\u060c \u0637\u0631\u0627\u0628\u0644\u0633 &#8211; \u0644\u064a\u0628\u064a\u0627 \u0627\u0644\u0628\u0631\u064a\u062f \u0627\u0644\u0625\u0644\u0643\u062a\u0631\u0648\u0646\u064a info@n-alafia.comcontact@n-alafia.com \u0623\u0631\u0642\u0627\u0645 \u0627\u0644\u0647\u0627\u062a\u0641 00218-912017172 00218\u202d-934086517 0090-5369199702 0020-1033152051 0033-780432163 \u0623\u0631\u0633\u0644 \u0644\u0646\u0627 \u0631\u0633\u0627\u0644\u0629 Submit Now\" \/>\n<meta property=\"og:url\" content=\"https:\/\/n-alafia.com\/fr\/\u0627\u062a\u0635\u0644-\u0628\u0646\u0627\/\" \/>\n<meta property=\"og:site_name\" content=\"\u0646\u0633\u0645\u0629 \u0627\u0644\u0639\u0627\u0641\u064a\u0629 \u0627\u0644\u0645\u062a\u0645\u064a\u0632\u0629\" \/>\n<meta property=\"article:modified_time\" content=\"2025-12-02T00:11:15+00:00\" \/>\n<meta name=\"twitter:card\" content=\"summary_large_image\" \/>\n<script type=\"application\/ld+json\" class=\"yoast-schema-graph\">{\"@context\":\"https:\/\/schema.org\",\"@graph\":[{\"@type\":\"WebPage\",\"@id\":\"https:\/\/n-alafia.com\/%d8%a7%d8%aa%d8%b5%d9%84-%d8%a8%d9%86%d8%a7\/\",\"url\":\"https:\/\/n-alafia.com\/%d8%a7%d8%aa%d8%b5%d9%84-%d8%a8%d9%86%d8%a7\/\",\"name\":\"\u0627\u062a\u0635\u0644 \u0628\u0646\u0627 - \u0646\u0633\u0645\u0629 \u0627\u0644\u0639\u0627\u0641\u064a\u0629 \u0627\u0644\u0645\u062a\u0645\u064a\u0632\u0629\",\"isPartOf\":{\"@id\":\"https:\/\/n-alafia.com\/#website\"},\"datePublished\":\"2021-12-20T03:57:44+00:00\",\"dateModified\":\"2025-12-02T00:11:15+00:00\",\"breadcrumb\":{\"@id\":\"https:\/\/n-alafia.com\/%d8%a7%d8%aa%d8%b5%d9%84-%d8%a8%d9%86%d8%a7\/#breadcrumb\"},\"inLanguage\":\"fr-FR\",\"potentialAction\":[{\"@type\":\"ReadAction\",\"target\":[\"https:\/\/n-alafia.com\/%d8%a7%d8%aa%d8%b5%d9%84-%d8%a8%d9%86%d8%a7\/\"]}]},{\"@type\":\"BreadcrumbList\",\"@id\":\"https:\/\/n-alafia.com\/%d8%a7%d8%aa%d8%b5%d9%84-%d8%a8%d9%86%d8%a7\/#breadcrumb\",\"itemListElement\":[{\"@type\":\"ListItem\",\"position\":1,\"name\":\"\u0627\u0644\u0631\u0626\u064a\u0633\u064a\u0629\",\"item\":\"https:\/\/n-alafia.com\/\"},{\"@type\":\"ListItem\",\"position\":2,\"name\":\"\u0627\u062a\u0635\u0644 \u0628\u0646\u0627\"}]},{\"@type\":\"WebSite\",\"@id\":\"https:\/\/n-alafia.com\/#website\",\"url\":\"https:\/\/n-alafia.com\/\",\"name\":\"\u0646\u0633\u0645\u0629 \u0627\u0644\u0639\u0627\u0641\u064a\u0629 \u0627\u0644\u0645\u062a\u0645\u064a\u0632\u0629\",\"description\":\"\",\"publisher\":{\"@id\":\"https:\/\/n-alafia.com\/#organization\"},\"potentialAction\":[{\"@type\":\"SearchAction\",\"target\":{\"@type\":\"EntryPoint\",\"urlTemplate\":\"https:\/\/n-alafia.com\/?s={search_term_string}\"},\"query-input\":{\"@type\":\"PropertyValueSpecification\",\"valueRequired\":true,\"valueName\":\"search_term_string\"}}],\"inLanguage\":\"fr-FR\"},{\"@type\":\"Organization\",\"@id\":\"https:\/\/n-alafia.com\/#organization\",\"name\":\"\u0646\u0633\u0645\u0629 \u0627\u0644\u0639\u0627\u0641\u064a\u0629 \u0627\u0644\u0645\u062a\u0645\u064a\u0632\u0629\",\"url\":\"https:\/\/n-alafia.com\/\",\"logo\":{\"@type\":\"ImageObject\",\"inLanguage\":\"fr-FR\",\"@id\":\"https:\/\/n-alafia.com\/#\/schema\/logo\/image\/\",\"url\":\"https:\/\/n-alafia.com\/wp-content\/uploads\/2022\/02\/Logo.png\",\"contentUrl\":\"https:\/\/n-alafia.com\/wp-content\/uploads\/2022\/02\/Logo.png\",\"width\":1500,\"height\":434,\"caption\":\"\u0646\u0633\u0645\u0629 \u0627\u0644\u0639\u0627\u0641\u064a\u0629 \u0627\u0644\u0645\u062a\u0645\u064a\u0632\u0629\"},\"image\":{\"@id\":\"https:\/\/n-alafia.com\/#\/schema\/logo\/image\/\"}}]}<\/script>\n<!-- \/ Yoast SEO plugin. -->","yoast_head_json":{"title":"\u0627\u062a\u0635\u0644 \u0628\u0646\u0627 - \u0646\u0633\u0645\u0629 \u0627\u0644\u0639\u0627\u0641\u064a\u0629 \u0627\u0644\u0645\u062a\u0645\u064a\u0632\u0629","robots":{"index":"noindex","follow":"follow","max-snippet":"max-snippet:-1","max-image-preview":"max-image-preview:large","max-video-preview":"max-video-preview:-1"},"og_locale":"fr_FR","og_type":"article","og_title":"\u0627\u062a\u0635\u0644 \u0628\u0646\u0627 - \u0646\u0633\u0645\u0629 \u0627\u0644\u0639\u0627\u0641\u064a\u0629 \u0627\u0644\u0645\u062a\u0645\u064a\u0632\u0629","og_description":"\u0639\u0646\u0627\u0648\u064a\u0646 \u0627\u0644\u062a\u0648\u0627\u0635\u0644 \u0627\u0644\u0625\u062f\u0627\u0631\u0629 \u0628\u0646\u0639\u0627\u0634\u0648\u0631\u060c \u0637\u0631\u0627\u0628\u0644\u0633 &#8211; \u0644\u064a\u0628\u064a\u0627 \u0627\u0644\u0628\u0631\u064a\u062f \u0627\u0644\u0625\u0644\u0643\u062a\u0631\u0648\u0646\u064a info@n-alafia.comcontact@n-alafia.com \u0623\u0631\u0642\u0627\u0645 \u0627\u0644\u0647\u0627\u062a\u0641 00218-912017172 00218\u202d-934086517 0090-5369199702 0020-1033152051 0033-780432163 \u0623\u0631\u0633\u0644 \u0644\u0646\u0627 \u0631\u0633\u0627\u0644\u0629 Submit Now","og_url":"https:\/\/n-alafia.com\/fr\/\u0627\u062a\u0635\u0644-\u0628\u0646\u0627\/","og_site_name":"\u0646\u0633\u0645\u0629 \u0627\u0644\u0639\u0627\u0641\u064a\u0629 \u0627\u0644\u0645\u062a\u0645\u064a\u0632\u0629","article_modified_time":"2025-12-02T00:11:15+00:00","twitter_card":"summary_large_image","schema":{"@context":"https:\/\/schema.org","@graph":[{"@type":"WebPage","@id":"https:\/\/n-alafia.com\/%d8%a7%d8%aa%d8%b5%d9%84-%d8%a8%d9%86%d8%a7\/","url":"https:\/\/n-alafia.com\/%d8%a7%d8%aa%d8%b5%d9%84-%d8%a8%d9%86%d8%a7\/","name":"\u0627\u062a\u0635\u0644 \u0628\u0646\u0627 - \u0646\u0633\u0645\u0629 \u0627\u0644\u0639\u0627\u0641\u064a\u0629 \u0627\u0644\u0645\u062a\u0645\u064a\u0632\u0629","isPartOf":{"@id":"https:\/\/n-alafia.com\/#website"},"datePublished":"2021-12-20T03:57:44+00:00","dateModified":"2025-12-02T00:11:15+00:00","breadcrumb":{"@id":"https:\/\/n-alafia.com\/%d8%a7%d8%aa%d8%b5%d9%84-%d8%a8%d9%86%d8%a7\/#breadcrumb"},"inLanguage":"fr-FR","potentialAction":[{"@type":"ReadAction","target":["https:\/\/n-alafia.com\/%d8%a7%d8%aa%d8%b5%d9%84-%d8%a8%d9%86%d8%a7\/"]}]},{"@type":"BreadcrumbList","@id":"https:\/\/n-alafia.com\/%d8%a7%d8%aa%d8%b5%d9%84-%d8%a8%d9%86%d8%a7\/#breadcrumb","itemListElement":[{"@type":"ListItem","position":1,"name":"\u0627\u0644\u0631\u0626\u064a\u0633\u064a\u0629","item":"https:\/\/n-alafia.com\/"},{"@type":"ListItem","position":2,"name":"\u0627\u062a\u0635\u0644 \u0628\u0646\u0627"}]},{"@type":"WebSite","@id":"https:\/\/n-alafia.com\/#website","url":"https:\/\/n-alafia.com\/","name":"Le souffle du bien-\u00eatre","description":"","publisher":{"@id":"https:\/\/n-alafia.com\/#organization"},"potentialAction":[{"@type":"SearchAction","target":{"@type":"EntryPoint","urlTemplate":"https:\/\/n-alafia.com\/?s={search_term_string}"},"query-input":{"@type":"PropertyValueSpecification","valueRequired":true,"valueName":"search_term_string"}}],"inLanguage":"fr-FR"},{"@type":"Organization","@id":"https:\/\/n-alafia.com\/#organization","name":"Le souffle du bien-\u00eatre","url":"https:\/\/n-alafia.com\/","logo":{"@type":"ImageObject","inLanguage":"fr-FR","@id":"https:\/\/n-alafia.com\/#\/schema\/logo\/image\/","url":"https:\/\/n-alafia.com\/wp-content\/uploads\/2022\/02\/Logo.png","contentUrl":"https:\/\/n-alafia.com\/wp-content\/uploads\/2022\/02\/Logo.png","width":1500,"height":434,"caption":"\u0646\u0633\u0645\u0629 \u0627\u0644\u0639\u0627\u0641\u064a\u0629 \u0627\u0644\u0645\u062a\u0645\u064a\u0632\u0629"},"image":{"@id":"https:\/\/n-alafia.com\/#\/schema\/logo\/image\/"}}]}},"_links":{"self":[{"href":"https:\/\/n-alafia.com\/fr\/wp-json\/wp\/v2\/pages\/734","targetHints":{"allow":["GET"]}}],"collection":[{"href":"https:\/\/n-alafia.com\/fr\/wp-json\/wp\/v2\/pages"}],"about":[{"href":"https:\/\/n-alafia.com\/fr\/wp-json\/wp\/v2\/types\/page"}],"author":[{"embeddable":true,"href":"https:\/\/n-alafia.com\/fr\/wp-json\/wp\/v2\/users\/1"}],"replies":[{"embeddable":true,"href":"https:\/\/n-alafia.com\/fr\/wp-json\/wp\/v2\/comments?post=734"}],"version-history":[{"count":13,"href":"https:\/\/n-alafia.com\/fr\/wp-json\/wp\/v2\/pages\/734\/revisions"}],"predecessor-version":[{"id":2973,"href":"https:\/\/n-alafia.com\/fr\/wp-json\/wp\/v2\/pages\/734\/revisions\/2973"}],"wp:attachment":[{"href":"https:\/\/n-alafia.com\/fr\/wp-json\/wp\/v2\/media?parent=734"}],"curies":[{"name":"wp","href":"https:\/\/api.w.org\/{rel}","templated":true}]}}