{"id":521,"date":"2021-12-19T07:41:35","date_gmt":"2021-12-19T07:41:35","guid":{"rendered":"http:\/\/ftpdemo.com\/uthan\/?page_id=521"},"modified":"2025-11-22T18:20:27","modified_gmt":"2025-11-22T15:20:27","slug":"about-us","status":"publish","type":"page","link":"https:\/\/n-alafia.com\/fr\/about-us\/","title":{"rendered":"About Us"},"content":{"rendered":"<div data-elementor-type=\"wp-page\" data-elementor-id=\"521\" class=\"elementor elementor-521\">\n\t\t\t\t\t\t<section class=\"elementor-section elementor-top-section elementor-element elementor-element-6281f42 elementor-section-boxed elementor-section-height-default elementor-section-height-default\" data-id=\"6281f42\" data-element_type=\"section\" data-settings=\"{&quot;background_background&quot;:&quot;classic&quot;}\">\n\t\t\t\t\t\t<div class=\"elementor-container elementor-column-gap-no\">\n\t\t\t\t\t<div class=\"elementor-column elementor-col-50 elementor-top-column elementor-element elementor-element-5e49eb5\" data-id=\"5e49eb5\" data-element_type=\"column\">\n\t\t\t<div class=\"elementor-widget-wrap elementor-element-populated\">\n\t\t\t\t\t\t<div class=\"elementor-element elementor-element-3d16520 elementor-widget elementor-widget-uthan_about_left\" data-id=\"3d16520\" data-element_type=\"widget\" data-widget_type=\"uthan_about_left.default\">\n\t\t\t\t<div class=\"elementor-widget-container\">\n\t\t\t\t\t\n\t\t\t\t\n\t\t\t\t\n\t\t<section class=\"about-style-two p_relative pt_100 pb_140 bg_color_1 three\">\n            <div class=\"auto-container\">\n                <div class=\"row align-items-center clearfix\">\n                    <div class=\"col-lg-12 col-md-12 col-sm-12 image-column\">\n                        <div class=\"image_block_1\">\n                            <div class=\"image-box p_relative d_block pr_90 pb_40\">\n                                <div class=\"shape-1 theme_bg p_absolute b_radius_50\"><\/div>\n\t\t\t\t\t\t\t\t                                <div class=\"shape-2 p_absolute\" style=\"background-image: url(https:\/\/n-alafia.com\/wp-content\/uploads\/2021\/12\/shape-32-1.png);\">\n\t\t\t\t\t\t\t\t\t\t\t\t\t\t\t\t<\/div>\n                                <figure class=\"image p_relative d_block clearfix\">\n\t\t\t\t\t\t\t\t\t   \n\t\t\t\t\t\t\t\t\t<img decoding=\"async\" src=\"https:\/\/n-alafia.com\/wp-content\/uploads\/2025\/11\/about-1.png\" alt=\"\"\/>\n\t\t\t\t\t\t\t\t\t\t\t\t\t\t\t\t\t<\/figure>\n                                <div class=\"inner p_absolute d_flex b_radius_50 b_shadow_7 centred bg_white z_1\">\n                                    <div class=\"text\">\n                                        <div class=\"icon-box p_relative fs_60 theme_color lh_60 mb_12\"><i class=\"icon-16\"><\/i><\/div>\n                                        <h4 class=\"fs_20 lh_32 fw_medium\">\u0645\u0646\u062a\u062c\u0627\u062a\u0646\u0627 \u0644\u0627\u0642\u062a \u0627\u0633\u062a\u062d\u0633\u0627\u0646 <br>\u0627\u0644\u0643\u062b\u064a\u0631 \u0645\u0646 \u0634\u0631\u0627\u0626\u062d \u0627\u0644\u0645\u062c\u062a\u0645\u0639<\/h4>\n                                    <\/div>\n                                <\/div>\n                            <\/div>\n                        <\/div>\n                    <\/div>\n                <\/div>\n            <\/div>\n        <\/section>\n\t\t\n\t\t\t\t\n\t\t            \n\t\t\t\t\t\t<\/div>\n\t\t\t\t<\/div>\n\t\t\t\t\t<\/div>\n\t\t<\/div>\n\t\t\t\t<div class=\"elementor-column elementor-col-50 elementor-top-column elementor-element elementor-element-230cde8\" data-id=\"230cde8\" data-element_type=\"column\">\n\t\t\t<div class=\"elementor-widget-wrap elementor-element-populated\">\n\t\t\t\t\t\t<div class=\"elementor-element elementor-element-59753c8 elementor-widget elementor-widget-uthan_about_right\" data-id=\"59753c8\" data-element_type=\"widget\" data-widget_type=\"uthan_about_right.default\">\n\t\t\t\t<div class=\"elementor-widget-container\">\n\t\t\t\t\t\n\t\t\t\t\n\t\t\t\t\n\t\t<section class=\"about-style-two p_relative pt_100 pb_140 bg_color_1 four\">\n            <div class=\"auto-container\">\n                <div class=\"row align-items-center clearfix\">\n                    <div class=\"col-lg-12 col-md-12 col-sm-12 content-column\">\n                        <div class=\"content_block_1\">\n                            <div class=\"content-box p_relative d_block ml_30\">\n\t\t\t\t\t\t\t\t                                <div class=\"sec-title mb_35\">\n                                    <span class=\"sub-title\">Qui sommes-nous ?<\/span>\n                                    <h2>10 \u0633\u0646\u0648\u0627\u062a \u0645\u0646 \u0627\u0644\u062e\u0628\u0631\u0629<\/h2>\n                                <\/div>\n\t\t\t\t\t\t\t\t                                <div class=\"text p_relative d_block mb_40\">\n                                    <p>Une grande vari\u00e9t\u00e9 de produits comprenant des boissons non alcoolis\u00e9es, des jus, des chips et m\u00eame du fromage, tous issus des marques les plus prestigieuses du monde.<\/p>\n                                <\/div>\n\t\t\t\t\t\t\t\t                                <div class=\"btn-box p_relative d_block\">\n                                    <a href=\"#\" class=\"theme-btn btn-one\">\u062a\u0648\u0627\u0635\u0644\u0648\u0627 \u0645\u0639\u0646\u0627<\/a>\n                                <\/div>\n\t\t\t\t\t\t\t\t                            <\/div>\n                        <\/div>\n                    <\/div>\n                <\/div>\n            <\/div>\n        <\/section>\n\t\t\n\t\t\t\t\n\t\t            \n\t\t\t\t\t\t<\/div>\n\t\t\t\t<\/div>\n\t\t\t\t\t<\/div>\n\t\t<\/div>\n\t\t\t\t\t<\/div>\n\t\t<\/section>\n\t\t\t\t<\/div>","protected":false},"excerpt":{"rendered":"<p>\u0645\u0646\u062a\u062c\u0627\u062a\u0646\u0627 \u0644\u0627\u0642\u062a \u0627\u0633\u062a\u062d\u0633\u0627\u0646 \u0627\u0644\u0643\u062b\u064a\u0631 \u0645\u0646 \u0634\u0631\u0627\u0626\u062d \u0627\u0644\u0645\u062c\u062a\u0645\u0639 \u0645\u0646 \u0646\u062d\u0646 10 \u0633\u0646\u0648\u0627\u062a \u0645\u0646 \u0627\u0644\u062e\u0628\u0631\u0629 \u0645\u062c\u0645\u0648\u0639\u0629 \u0645\u062a\u0646\u0648\u0639\u0629 \u0645\u0646 \u0627\u0644\u0645\u0646\u062a\u062c\u0627\u062a \u062a\u0634\u0645\u0644 \u0647\u0630\u0647 \u0627\u0644\u0645\u0646\u062a\u062c\u0627\u062a \u0623\u0646\u0648\u0627\u0639\u064b\u0627 \u0645\u062e\u062a\u0644\u0641\u0629 \u0645\u0646 \u0627\u0644\u0645\u0634\u0631\u0648\u0628\u0627\u062a \u0627\u0644\u063a\u0627\u0632\u064a\u0629\u060c \u0648\u0627\u0644\u0639\u0635\u0627\u0626\u0631\u060c \u0648\u0627\u0644\u0628\u0637\u0627\u0637\u0627 \u0627\u0644\u0645\u0642\u0631\u0645\u0634\u0629\u060c \u0648\u062d\u062a\u0649 \u0627\u0644\u0623\u062c\u0628\u0627\u0646\u060c \u0648\u063a\u064a\u0631\u0647\u0627 \u0645\u0646 \u0623\u0631\u0642\u0649 \u0627\u0644\u0645\u0627\u0631\u0643\u0627\u062a \u0627\u0644\u0639\u0627\u0644\u0645\u064a\u0629.. \u062a\u0648\u0627\u0635\u0644\u0648\u0627 \u0645\u0639\u0646\u0627<\/p>","protected":false},"author":1,"featured_media":0,"parent":0,"menu_order":0,"comment_status":"closed","ping_status":"closed","template":"tpl-default-elementor.php","meta":{"footnotes":""},"class_list":["post-521","page","type-page","status-publish","hentry"],"yoast_head":"<!-- This site is optimized with the Yoast SEO plugin v26.5 - https:\/\/yoast.com\/wordpress\/plugins\/seo\/ -->\n<title>About Us - \u0646\u0633\u0645\u0629 \u0627\u0644\u0639\u0627\u0641\u064a\u0629 \u0627\u0644\u0645\u062a\u0645\u064a\u0632\u0629<\/title>\n<meta name=\"robots\" content=\"noindex, follow, max-snippet:-1, max-image-preview:large, max-video-preview:-1\" \/>\n<meta property=\"og:locale\" content=\"fr_FR\" \/>\n<meta property=\"og:type\" content=\"article\" \/>\n<meta property=\"og:title\" content=\"About Us - \u0646\u0633\u0645\u0629 \u0627\u0644\u0639\u0627\u0641\u064a\u0629 \u0627\u0644\u0645\u062a\u0645\u064a\u0632\u0629\" \/>\n<meta property=\"og:description\" content=\"\u0645\u0646\u062a\u062c\u0627\u062a\u0646\u0627 \u0644\u0627\u0642\u062a \u0627\u0633\u062a\u062d\u0633\u0627\u0646 \u0627\u0644\u0643\u062b\u064a\u0631 \u0645\u0646 \u0634\u0631\u0627\u0626\u062d \u0627\u0644\u0645\u062c\u062a\u0645\u0639 \u0645\u0646 \u0646\u062d\u0646 10 \u0633\u0646\u0648\u0627\u062a \u0645\u0646 \u0627\u0644\u062e\u0628\u0631\u0629 \u0645\u062c\u0645\u0648\u0639\u0629 \u0645\u062a\u0646\u0648\u0639\u0629 \u0645\u0646 \u0627\u0644\u0645\u0646\u062a\u062c\u0627\u062a \u062a\u0634\u0645\u0644 \u0647\u0630\u0647 \u0627\u0644\u0645\u0646\u062a\u062c\u0627\u062a \u0623\u0646\u0648\u0627\u0639\u064b\u0627 \u0645\u062e\u062a\u0644\u0641\u0629 \u0645\u0646 \u0627\u0644\u0645\u0634\u0631\u0648\u0628\u0627\u062a \u0627\u0644\u063a\u0627\u0632\u064a\u0629\u060c \u0648\u0627\u0644\u0639\u0635\u0627\u0626\u0631\u060c \u0648\u0627\u0644\u0628\u0637\u0627\u0637\u0627 \u0627\u0644\u0645\u0642\u0631\u0645\u0634\u0629\u060c \u0648\u062d\u062a\u0649 \u0627\u0644\u0623\u062c\u0628\u0627\u0646\u060c \u0648\u063a\u064a\u0631\u0647\u0627 \u0645\u0646 \u0623\u0631\u0642\u0649 \u0627\u0644\u0645\u0627\u0631\u0643\u0627\u062a \u0627\u0644\u0639\u0627\u0644\u0645\u064a\u0629.. \u062a\u0648\u0627\u0635\u0644\u0648\u0627 \u0645\u0639\u0646\u0627\" \/>\n<meta property=\"og:url\" content=\"https:\/\/n-alafia.com\/fr\/about-us\/\" \/>\n<meta property=\"og:site_name\" content=\"\u0646\u0633\u0645\u0629 \u0627\u0644\u0639\u0627\u0641\u064a\u0629 \u0627\u0644\u0645\u062a\u0645\u064a\u0632\u0629\" \/>\n<meta property=\"article:modified_time\" content=\"2025-11-22T15:20:27+00:00\" \/>\n<meta property=\"og:image\" content=\"https:\/\/n-alafia.com\/wp-content\/uploads\/2025\/11\/about-1.png\" \/>\n<meta name=\"twitter:card\" content=\"summary_large_image\" \/>\n<script type=\"application\/ld+json\" class=\"yoast-schema-graph\">{\"@context\":\"https:\/\/schema.org\",\"@graph\":[{\"@type\":\"WebPage\",\"@id\":\"https:\/\/n-alafia.com\/about-us\/\",\"url\":\"https:\/\/n-alafia.com\/about-us\/\",\"name\":\"About Us - \u0646\u0633\u0645\u0629 \u0627\u0644\u0639\u0627\u0641\u064a\u0629 \u0627\u0644\u0645\u062a\u0645\u064a\u0632\u0629\",\"isPartOf\":{\"@id\":\"https:\/\/n-alafia.com\/#website\"},\"primaryImageOfPage\":{\"@id\":\"https:\/\/n-alafia.com\/about-us\/#primaryimage\"},\"image\":{\"@id\":\"https:\/\/n-alafia.com\/about-us\/#primaryimage\"},\"thumbnailUrl\":\"https:\/\/n-alafia.com\/wp-content\/uploads\/2025\/11\/about-1.png\",\"datePublished\":\"2021-12-19T07:41:35+00:00\",\"dateModified\":\"2025-11-22T15:20:27+00:00\",\"breadcrumb\":{\"@id\":\"https:\/\/n-alafia.com\/about-us\/#breadcrumb\"},\"inLanguage\":\"fr-FR\",\"potentialAction\":[{\"@type\":\"ReadAction\",\"target\":[\"https:\/\/n-alafia.com\/about-us\/\"]}]},{\"@type\":\"ImageObject\",\"inLanguage\":\"fr-FR\",\"@id\":\"https:\/\/n-alafia.com\/about-us\/#primaryimage\",\"url\":\"https:\/\/n-alafia.com\/wp-content\/uploads\/2025\/11\/about-1.png\",\"contentUrl\":\"https:\/\/n-alafia.com\/wp-content\/uploads\/2025\/11\/about-1.png\"},{\"@type\":\"BreadcrumbList\",\"@id\":\"https:\/\/n-alafia.com\/about-us\/#breadcrumb\",\"itemListElement\":[{\"@type\":\"ListItem\",\"position\":1,\"name\":\"\u0627\u0644\u0631\u0626\u064a\u0633\u064a\u0629\",\"item\":\"https:\/\/n-alafia.com\/\"},{\"@type\":\"ListItem\",\"position\":2,\"name\":\"About Us\"}]},{\"@type\":\"WebSite\",\"@id\":\"https:\/\/n-alafia.com\/#website\",\"url\":\"https:\/\/n-alafia.com\/\",\"name\":\"\u0646\u0633\u0645\u0629 \u0627\u0644\u0639\u0627\u0641\u064a\u0629 \u0627\u0644\u0645\u062a\u0645\u064a\u0632\u0629\",\"description\":\"\",\"publisher\":{\"@id\":\"https:\/\/n-alafia.com\/#organization\"},\"potentialAction\":[{\"@type\":\"SearchAction\",\"target\":{\"@type\":\"EntryPoint\",\"urlTemplate\":\"https:\/\/n-alafia.com\/?s={search_term_string}\"},\"query-input\":{\"@type\":\"PropertyValueSpecification\",\"valueRequired\":true,\"valueName\":\"search_term_string\"}}],\"inLanguage\":\"fr-FR\"},{\"@type\":\"Organization\",\"@id\":\"https:\/\/n-alafia.com\/#organization\",\"name\":\"\u0646\u0633\u0645\u0629 \u0627\u0644\u0639\u0627\u0641\u064a\u0629 \u0627\u0644\u0645\u062a\u0645\u064a\u0632\u0629\",\"url\":\"https:\/\/n-alafia.com\/\",\"logo\":{\"@type\":\"ImageObject\",\"inLanguage\":\"fr-FR\",\"@id\":\"https:\/\/n-alafia.com\/#\/schema\/logo\/image\/\",\"url\":\"https:\/\/n-alafia.com\/wp-content\/uploads\/2022\/02\/Logo.png\",\"contentUrl\":\"https:\/\/n-alafia.com\/wp-content\/uploads\/2022\/02\/Logo.png\",\"width\":1500,\"height\":434,\"caption\":\"\u0646\u0633\u0645\u0629 \u0627\u0644\u0639\u0627\u0641\u064a\u0629 \u0627\u0644\u0645\u062a\u0645\u064a\u0632\u0629\"},\"image\":{\"@id\":\"https:\/\/n-alafia.com\/#\/schema\/logo\/image\/\"}}]}<\/script>\n<!-- \/ Yoast SEO plugin. -->","yoast_head_json":{"title":"About Us - \u0646\u0633\u0645\u0629 \u0627\u0644\u0639\u0627\u0641\u064a\u0629 \u0627\u0644\u0645\u062a\u0645\u064a\u0632\u0629","robots":{"index":"noindex","follow":"follow","max-snippet":"max-snippet:-1","max-image-preview":"max-image-preview:large","max-video-preview":"max-video-preview:-1"},"og_locale":"fr_FR","og_type":"article","og_title":"About Us - \u0646\u0633\u0645\u0629 \u0627\u0644\u0639\u0627\u0641\u064a\u0629 \u0627\u0644\u0645\u062a\u0645\u064a\u0632\u0629","og_description":"\u0645\u0646\u062a\u062c\u0627\u062a\u0646\u0627 \u0644\u0627\u0642\u062a \u0627\u0633\u062a\u062d\u0633\u0627\u0646 \u0627\u0644\u0643\u062b\u064a\u0631 \u0645\u0646 \u0634\u0631\u0627\u0626\u062d \u0627\u0644\u0645\u062c\u062a\u0645\u0639 \u0645\u0646 \u0646\u062d\u0646 10 \u0633\u0646\u0648\u0627\u062a \u0645\u0646 \u0627\u0644\u062e\u0628\u0631\u0629 \u0645\u062c\u0645\u0648\u0639\u0629 \u0645\u062a\u0646\u0648\u0639\u0629 \u0645\u0646 \u0627\u0644\u0645\u0646\u062a\u062c\u0627\u062a \u062a\u0634\u0645\u0644 \u0647\u0630\u0647 \u0627\u0644\u0645\u0646\u062a\u062c\u0627\u062a \u0623\u0646\u0648\u0627\u0639\u064b\u0627 \u0645\u062e\u062a\u0644\u0641\u0629 \u0645\u0646 \u0627\u0644\u0645\u0634\u0631\u0648\u0628\u0627\u062a \u0627\u0644\u063a\u0627\u0632\u064a\u0629\u060c \u0648\u0627\u0644\u0639\u0635\u0627\u0626\u0631\u060c \u0648\u0627\u0644\u0628\u0637\u0627\u0637\u0627 \u0627\u0644\u0645\u0642\u0631\u0645\u0634\u0629\u060c \u0648\u062d\u062a\u0649 \u0627\u0644\u0623\u062c\u0628\u0627\u0646\u060c \u0648\u063a\u064a\u0631\u0647\u0627 \u0645\u0646 \u0623\u0631\u0642\u0649 \u0627\u0644\u0645\u0627\u0631\u0643\u0627\u062a \u0627\u0644\u0639\u0627\u0644\u0645\u064a\u0629.. \u062a\u0648\u0627\u0635\u0644\u0648\u0627 \u0645\u0639\u0646\u0627","og_url":"https:\/\/n-alafia.com\/fr\/about-us\/","og_site_name":"\u0646\u0633\u0645\u0629 \u0627\u0644\u0639\u0627\u0641\u064a\u0629 \u0627\u0644\u0645\u062a\u0645\u064a\u0632\u0629","article_modified_time":"2025-11-22T15:20:27+00:00","og_image":[{"url":"https:\/\/n-alafia.com\/wp-content\/uploads\/2025\/11\/about-1.png","type":"","width":"","height":""}],"twitter_card":"summary_large_image","schema":{"@context":"https:\/\/schema.org","@graph":[{"@type":"WebPage","@id":"https:\/\/n-alafia.com\/about-us\/","url":"https:\/\/n-alafia.com\/about-us\/","name":"About Us - \u0646\u0633\u0645\u0629 \u0627\u0644\u0639\u0627\u0641\u064a\u0629 \u0627\u0644\u0645\u062a\u0645\u064a\u0632\u0629","isPartOf":{"@id":"https:\/\/n-alafia.com\/#website"},"primaryImageOfPage":{"@id":"https:\/\/n-alafia.com\/about-us\/#primaryimage"},"image":{"@id":"https:\/\/n-alafia.com\/about-us\/#primaryimage"},"thumbnailUrl":"https:\/\/n-alafia.com\/wp-content\/uploads\/2025\/11\/about-1.png","datePublished":"2021-12-19T07:41:35+00:00","dateModified":"2025-11-22T15:20:27+00:00","breadcrumb":{"@id":"https:\/\/n-alafia.com\/about-us\/#breadcrumb"},"inLanguage":"fr-FR","potentialAction":[{"@type":"ReadAction","target":["https:\/\/n-alafia.com\/about-us\/"]}]},{"@type":"ImageObject","inLanguage":"fr-FR","@id":"https:\/\/n-alafia.com\/about-us\/#primaryimage","url":"https:\/\/n-alafia.com\/wp-content\/uploads\/2025\/11\/about-1.png","contentUrl":"https:\/\/n-alafia.com\/wp-content\/uploads\/2025\/11\/about-1.png"},{"@type":"BreadcrumbList","@id":"https:\/\/n-alafia.com\/about-us\/#breadcrumb","itemListElement":[{"@type":"ListItem","position":1,"name":"\u0627\u0644\u0631\u0626\u064a\u0633\u064a\u0629","item":"https:\/\/n-alafia.com\/"},{"@type":"ListItem","position":2,"name":"About Us"}]},{"@type":"WebSite","@id":"https:\/\/n-alafia.com\/#website","url":"https:\/\/n-alafia.com\/","name":"Le souffle du bien-\u00eatre","description":"","publisher":{"@id":"https:\/\/n-alafia.com\/#organization"},"potentialAction":[{"@type":"SearchAction","target":{"@type":"EntryPoint","urlTemplate":"https:\/\/n-alafia.com\/?s={search_term_string}"},"query-input":{"@type":"PropertyValueSpecification","valueRequired":true,"valueName":"search_term_string"}}],"inLanguage":"fr-FR"},{"@type":"Organization","@id":"https:\/\/n-alafia.com\/#organization","name":"Le souffle du bien-\u00eatre","url":"https:\/\/n-alafia.com\/","logo":{"@type":"ImageObject","inLanguage":"fr-FR","@id":"https:\/\/n-alafia.com\/#\/schema\/logo\/image\/","url":"https:\/\/n-alafia.com\/wp-content\/uploads\/2022\/02\/Logo.png","contentUrl":"https:\/\/n-alafia.com\/wp-content\/uploads\/2022\/02\/Logo.png","width":1500,"height":434,"caption":"\u0646\u0633\u0645\u0629 \u0627\u0644\u0639\u0627\u0641\u064a\u0629 \u0627\u0644\u0645\u062a\u0645\u064a\u0632\u0629"},"image":{"@id":"https:\/\/n-alafia.com\/#\/schema\/logo\/image\/"}}]}},"_links":{"self":[{"href":"https:\/\/n-alafia.com\/fr\/wp-json\/wp\/v2\/pages\/521","targetHints":{"allow":["GET"]}}],"collection":[{"href":"https:\/\/n-alafia.com\/fr\/wp-json\/wp\/v2\/pages"}],"about":[{"href":"https:\/\/n-alafia.com\/fr\/wp-json\/wp\/v2\/types\/page"}],"author":[{"embeddable":true,"href":"https:\/\/n-alafia.com\/fr\/wp-json\/wp\/v2\/users\/1"}],"replies":[{"embeddable":true,"href":"https:\/\/n-alafia.com\/fr\/wp-json\/wp\/v2\/comments?post=521"}],"version-history":[{"count":7,"href":"https:\/\/n-alafia.com\/fr\/wp-json\/wp\/v2\/pages\/521\/revisions"}],"predecessor-version":[{"id":2953,"href":"https:\/\/n-alafia.com\/fr\/wp-json\/wp\/v2\/pages\/521\/revisions\/2953"}],"wp:attachment":[{"href":"https:\/\/n-alafia.com\/fr\/wp-json\/wp\/v2\/media?parent=521"}],"curies":[{"name":"wp","href":"https:\/\/api.w.org\/{rel}","templated":true}]}}